{"id":1885,"date":"2018-08-27T07:26:22","date_gmt":"2018-08-27T07:26:22","guid":{"rendered":"http:\/\/lbk-logistik.com\/?page_id=1885"},"modified":"2018-08-27T14:01:12","modified_gmt":"2018-08-27T14:01:12","slug":"impressum","status":"publish","type":"page","link":"https:\/\/lbk-logistik.com\/index.php\/impressum\/","title":{"rendered":"Impressum"},"content":{"rendered":"<p>LBK-Logistik GmbH<br \/>\nLustenauer Strasse 11<br \/>\n6971 Hard<br \/>\nAustria<\/p>\n<p>Firmenbuchnummer: FN 329181s<br \/>\nUID Nr.: ATU 65024519<\/p>\n<p>Informationspflicht lt. ECG und Mediengesetz:<br \/>\n<a title=\"Wirtschaftskammer\" href=\"http:\/\/www.wkoecg.at\/Web\/Ecg.aspx?FirmaID=24f4d4ea-c320-46db-ac88-58231f1d128d\" target=\"_blank\" rel=\"noopener\">www.wkoecg.at<\/a><\/p>\n<p>&nbsp;<\/p>\n<h3>Haftungshinweise<\/h3>\n<p>Trotz sorgf\u00e4ltiger Kontrolle \u00fcbernehmen wir keine Haftung f\u00fcr die Inhalte, Funktionalit\u00e4t oder technische Verf\u00fcgbarkeit externer Links die von unserer Seite www.lbk-logistik.eu angeboten werden. Daf\u00fcr sind ausschlie\u00dflich deren Betreiber und Betreiberinnen verantwortlich.<\/p>\n<p>F\u00fcr den Inhalt verantwortlich:<br \/>\nLBK Logistik GmbH<\/p>\n<p>&nbsp;<\/p>\n<h3 id=\"Englisch\">Disclaimer<\/h3>\n<p>Our website contains links to the websites of third parties (\u201cexternal links\u201d). As the content of these websites is not under our control, we cannot assume any liability for such external content. In all cases, the provider of information of the linked websites is liable for the content and accuracy of the information provided. At the point in time when the links were placed, no infringements of the law were recognisable to us. As soon as an infringement of the law becomes known to us, we will immediately remove the link in question.<\/p>\n<h3><\/h3>\n<h3>Umsetzung der Website<\/h3>\n<p>auXforma, www.auxforma.at<\/p>\n<p>&nbsp;<\/p>\n<h3>Fotos<\/h3>\n<p>auXforma, www.auxforma.at<\/p>\n","protected":false},"excerpt":{"rendered":"<p>LBK-Logistik GmbH Lustenauer Strasse 11 6971 Hard Austria Firmenbuchnummer: FN 329181s UID Nr.: ATU 65024519 Informationspflicht lt. ECG und Mediengesetz: www.wkoecg.at &nbsp; Haftungshinweise Trotz sorgf\u00e4ltiger Kontrolle \u00fcbernehmen wir keine Haftung f\u00fcr die Inhalte, Funktionalit\u00e4t oder technische Verf\u00fcgbarkeit externer Links die von unserer Seite www.lbk-logistik.eu angeboten werden. Daf\u00fcr sind ausschlie\u00dflich deren Betreiber und Betreiberinnen verantwortlich. F\u00fcr [&hellip;]<\/p>\n","protected":false},"author":2,"featured_media":0,"parent":0,"menu_order":0,"comment_status":"closed","ping_status":"closed","template":"","meta":{"_et_pb_use_builder":"","_et_pb_old_content":"","_et_gb_content_width":"","spay_email":""},"jetpack_sharing_enabled":true,"jetpack_shortlink":"https:\/\/wp.me\/PacZdf-up","jetpack-related-posts":[{"id":300,"url":"https:\/\/lbk-logistik.com\/index.php\/hier-entsteht-die-neue-website-der-firma-lbk-logistik\/","url_meta":{"origin":1885,"position":0},"title":"Hier entsteht die neue Website der Firma LBK Logistik","date":"Mai 8, 2018","format":false,"excerpt":"[et_pb_row\u2026","rel":"","context":"\u00c4hnlicher Beitrag","img":{"alt_text":"","src":"","width":0,"height":0},"classes":[]},{"id":1823,"url":"https:\/\/lbk-logistik.com\/index.php\/lbk-logistik-das-unternehmen\/","url_meta":{"origin":1885,"position":1},"title":"LBK Logistik - Das Unternehmen","date":"August 27, 2018","format":false,"excerpt":"","rel":"","context":"\u00c4hnlicher Beitrag","img":{"alt_text":"","src":"","width":0,"height":0},"classes":[]},{"id":1851,"url":"https:\/\/lbk-logistik.com\/index.php\/lbk-logistik-europaweiter-transport\/","url_meta":{"origin":1885,"position":2},"title":"LBK Logistik - Europaweiter Transport","date":"August 27, 2018","format":false,"excerpt":"","rel":"","context":"\u00c4hnlicher Beitrag","img":{"alt_text":"","src":"","width":0,"height":0},"classes":[]},{"id":1836,"url":"https:\/\/lbk-logistik.com\/index.php\/lbk-logistik-fluessige-lebensmittel\/","url_meta":{"origin":1885,"position":3},"title":"LBK Logistik - Fl\u00fcssige Lebensmittel","date":"August 27, 2018","format":false,"excerpt":"","rel":"","context":"\u00c4hnlicher Beitrag","img":{"alt_text":"","src":"","width":0,"height":0},"classes":[]},{"id":1870,"url":"https:\/\/lbk-logistik.com\/index.php\/lbk-waesche-fuer-lebensmitteltanks\/","url_meta":{"origin":1885,"position":4},"title":"LBK - W\u00e4sche f\u00fcr Lebensmitteltanks","date":"August 27, 2018","format":false,"excerpt":"","rel":"","context":"\u00c4hnlicher Beitrag","img":{"alt_text":"","src":"","width":0,"height":0},"classes":[]},{"id":1862,"url":"https:\/\/lbk-logistik.com\/index.php\/lbk-logistik-der-fuhrpark\/","url_meta":{"origin":1885,"position":5},"title":"LBK Logistik - Der Fuhrpark","date":"August 27, 2018","format":false,"excerpt":"","rel":"","context":"\u00c4hnlicher Beitrag","img":{"alt_text":"","src":"","width":0,"height":0},"classes":[]}],"_links":{"self":[{"href":"https:\/\/lbk-logistik.com\/index.php\/wp-json\/wp\/v2\/pages\/1885"}],"collection":[{"href":"https:\/\/lbk-logistik.com\/index.php\/wp-json\/wp\/v2\/pages"}],"about":[{"href":"https:\/\/lbk-logistik.com\/index.php\/wp-json\/wp\/v2\/types\/page"}],"author":[{"embeddable":true,"href":"https:\/\/lbk-logistik.com\/index.php\/wp-json\/wp\/v2\/users\/2"}],"replies":[{"embeddable":true,"href":"https:\/\/lbk-logistik.com\/index.php\/wp-json\/wp\/v2\/comments?post=1885"}],"version-history":[{"count":1,"href":"https:\/\/lbk-logistik.com\/index.php\/wp-json\/wp\/v2\/pages\/1885\/revisions"}],"predecessor-version":[{"id":1886,"href":"https:\/\/lbk-logistik.com\/index.php\/wp-json\/wp\/v2\/pages\/1885\/revisions\/1886"}],"wp:attachment":[{"href":"https:\/\/lbk-logistik.com\/index.php\/wp-json\/wp\/v2\/media?parent=1885"}],"curies":[{"name":"wp","href":"https:\/\/api.w.org\/{rel}","templated":true}]}}