{"id":1851,"date":"2018-08-27T06:48:07","date_gmt":"2018-08-27T06:48:07","guid":{"rendered":"http:\/\/lbk-logistik.com\/?page_id=1851"},"modified":"2018-08-27T08:42:29","modified_gmt":"2018-08-27T08:42:29","slug":"lbk-logistik-europaweiter-transport","status":"publish","type":"page","link":"https:\/\/lbk-logistik.com\/index.php\/lbk-logistik-europaweiter-transport\/","title":{"rendered":"LBK Logistik &#8211; Europaweiter Transport"},"content":{"rendered":"<p>[et_pb_section bb_built=&#8220;1&#8243; next_background_color=&#8220;#ffffff&#8220; _builder_version=&#8220;3.12.2&#8243; background_image=&#8220;http:\/\/lbk-logistik.com\/wp-content\/uploads\/2018\/08\/lbk-logistik_office_edit-147.jpg&#8220; parallax=&#8220;on&#8220; custom_margin=&#8220;0px|0px|0px|0px&#8220; custom_padding=&#8220;0px|0px|0px|0px&#8220;][et_pb_row _builder_version=&#8220;3.12.2&#8243; module_alignment=&#8220;center&#8220; make_fullwidth=&#8220;on&#8220; use_custom_gutter=&#8220;on&#8220; gutter_width=&#8220;1&#8243; make_equal=&#8220;on&#8220; custom_margin=&#8220;0px|0px|0px|0px&#8220; custom_padding=&#8220;0px|0px|0px|0px&#8220; padding_top_1=&#8220;0px&#8220; padding_right_1=&#8220;0px&#8220; padding_bottom_1=&#8220;0px&#8220; padding_left_1=&#8220;0px&#8220;][et_pb_column type=&#8220;4_4&#8243;][et_pb_map _builder_version=&#8220;3.12.2&#8243; use_grayscale_filter=&#8220;on&#8220; grayscale_filter_amount=&#8220;100&#8243; address_lat=&#8220;47.2497427&#8243; address_lng=&#8220;9.97973730000001&#8243; address=&#8220;Vorarlberg, \u00d6sterreich&#8220; zoom_level=&#8220;4&#8243;][et_pb_map_pin _builder_version=&#8220;3.12.2&#8243; zoom_level=&#8220;18&#8243; pin_address_lat=&#8220;47.47564280654896&#8243; pin_address_lng=&#8220;9.671584349598675&#8243; title=&#8220;LBK Logistik&#8220; pin_address=&#8220;Lustenauer Str. 19, 6971 Hard, \u00d6sterreich&#8220; \/][\/et_pb_map][\/et_pb_column][\/et_pb_row][et_pb_row _builder_version=&#8220;3.12.2&#8243;][et_pb_column type=&#8220;4_4&#8243;][et_pb_divider _builder_version=&#8220;3.12.2&#8243; color=&#8220;#ffffff&#8220; show_divider=&#8220;off&#8220; height=&#8220;100px&#8220; \/][\/et_pb_column][\/et_pb_row][et_pb_row _builder_version=&#8220;3.12.2&#8243;][et_pb_column type=&#8220;4_4&#8243;][et_pb_divider _builder_version=&#8220;3.12.2&#8243; color=&#8220;#ffffff&#8220; show_divider=&#8220;off&#8220; height=&#8220;100px&#8220; \/][\/et_pb_column][\/et_pb_row][et_pb_row _builder_version=&#8220;3.12.2&#8243; make_fullwidth=&#8220;on&#8220; use_custom_gutter=&#8220;on&#8220; gutter_width=&#8220;2&#8243;][et_pb_column type=&#8220;1_3&#8243;][et_pb_text _builder_version=&#8220;3.12.2&#8243; background_color=&#8220;#e02b20&#8243; header_text_color=&#8220;#ffffff&#8220; custom_margin=&#8220;10px|10px|10px|10px&#8220; custom_padding=&#8220;10px|10px|10px|10px&#8220;]<\/p>\n<h1>In Europa zuhause.<\/h1>\n<p>[\/et_pb_text][\/et_pb_column][et_pb_column type=&#8220;2_3&#8243;][\/et_pb_column][\/et_pb_row][et_pb_row _builder_version=&#8220;3.12.2&#8243;][et_pb_column type=&#8220;4_4&#8243;][et_pb_divider _builder_version=&#8220;3.12.2&#8243; color=&#8220;#ffffff&#8220; show_divider=&#8220;off&#8220; height=&#8220;100px&#8220; \/][\/et_pb_column][\/et_pb_row][et_pb_row _builder_version=&#8220;3.12.2&#8243;][et_pb_column type=&#8220;4_4&#8243;][et_pb_divider _builder_version=&#8220;3.12.2&#8243; color=&#8220;#ffffff&#8220; show_divider=&#8220;off&#8220; height=&#8220;100px&#8220; \/][\/et_pb_column][\/et_pb_row][\/et_pb_section][et_pb_section bb_built=&#8220;1&#8243; fullwidth=&#8220;off&#8220; specialty=&#8220;off&#8220; prev_background_color=&#8220;#000000&#8243; next_background_color=&#8220;#000000&#8243;][et_pb_row _builder_version=&#8220;3.12.2&#8243; module_alignment=&#8220;center&#8220; use_custom_gutter=&#8220;on&#8220; make_equal=&#8220;on&#8220;][et_pb_column type=&#8220;1_2&#8243;][et_pb_text _builder_version=&#8220;3.12.2&#8243; custom_margin=&#8220;10px|10px|10px|10px&#8220; custom_padding=&#8220;10px|10px|10px|10px&#8220;]<\/p>\n<h1>Vom Nordkap bis zum Mittelmeer. Wir bringen ihre G\u00fcter in ganz Europa ans Ziel.<\/h1>\n<p>[\/et_pb_text][et_pb_text _builder_version=&#8220;3.12.2&#8243; custom_margin=&#8220;10px|10px|10px|10px&#8220; custom_padding=&#8220;10px|10px|10px|10px&#8220;]<\/p>\n<h3><strong>Unsere t\u00e4glichen Routen umfassen den Raum<\/strong><\/h3>\n<ul>\n<li>Italien<\/li>\n<li>Frankreich<\/li>\n<li>\u00d6sterreich<\/li>\n<li>Schweiz<\/li>\n<li>Deutschland<\/li>\n<li>Spanien<\/li>\n<li>Niederlande<\/li>\n<li>Belgien<\/li>\n<\/ul>\n<p>[\/et_pb_text][\/et_pb_column][et_pb_column type=&#8220;1_2&#8243;][et_pb_text _builder_version=&#8220;3.12.2&#8243; custom_margin=&#8220;10px|10px|10px|10px&#8220; custom_padding=&#8220;10px|10px|10px|10px&#8220;]<\/p>\n<p><strong>Nach Absprache sind wir f\u00fcr Sie nat\u00fcrlich auch in L\u00e4ndern au\u00dferhalb der EU unterwegs.<\/strong><\/p>\n<p>Aufgrund langj\u00e4hriger Erfahrung mit Transporten von und in die Schweiz sind wird mit der Abwicklung von Verzollungen bestens vertraut.<\/p>\n<p>Die Zollabfertigungen in den Bereichen Italien, Frankreich, \u00d6sterreich und Deutschland werden von unseren Partner-Speditionen Gerlach, Gondrand und Trasdo \u00e4u\u00dferst verl\u00e4sslich durchgef\u00fchrt.<\/p>\n<p>[\/et_pb_text][\/et_pb_column][\/et_pb_row][\/et_pb_section][et_pb_section bb_built=&#8220;1&#8243; specialty=&#8220;off&#8220; _builder_version=&#8220;3.12.2&#8243; global_module=&#8220;1940&#8243; next_background_color=&#8220;#000000&#8243; prev_background_color=&#8220;#000000&#8243;][et_pb_row global_parent=&#8220;1940&#8243;][et_pb_column type=&#8220;4_4&#8243;][et_pb_divider global_parent=&#8220;1940&#8243; _builder_version=&#8220;3.12.2&#8243; \/][\/et_pb_column][\/et_pb_row][\/et_pb_section][et_pb_section bb_built=&#8220;1&#8243; fullwidth=&#8220;on&#8220; specialty=&#8220;off&#8220; next_background_color=&#8220;#000000&#8243; _builder_version=&#8220;3.12.2&#8243; box_shadow_style=&#8220;preset3&#8243; box_shadow_color=&#8220;rgba(224,43,32,0.3)&#8220; global_module=&#8220;1942&#8243; prev_background_color=&#8220;#000000&#8243;][et_pb_fullwidth_portfolio global_parent=&#8220;1942&#8243; _builder_version=&#8220;3.12.2&#8243; include_categories=&#8220;10&#8243; show_date=&#8220;off&#8220; zoom_icon_color=&#8220;#e02b20&#8243; hover_overlay_color=&#8220;rgba(255,255,255,0.9)&#8220; hover_icon=&#8220;%%15%%&#8220; auto=&#8220;on&#8220; auto_speed=&#8220;5000&#8243; \/][\/et_pb_section][et_pb_section bb_built=&#8220;1&#8243; specialty=&#8220;off&#8220; _builder_version=&#8220;3.12.2&#8243; global_module=&#8220;1940&#8243; prev_background_color=&#8220;#000000&#8243;][et_pb_row][et_pb_column type=&#8220;4_4&#8243;][et_pb_divider global_parent=&#8220;99&#8243; _builder_version=&#8220;3.12.2&#8243; \/][\/et_pb_column][\/et_pb_row][\/et_pb_section]<\/p>\n","protected":false},"excerpt":{"rendered":"<p>In Europa zuhause. Vom Nordkap bis zum Mittelmeer. Wir bringen ihre G\u00fcter in ganz Europa ans Ziel. Unsere t\u00e4glichen Routen umfassen den Raum Italien Frankreich \u00d6sterreich Schweiz Deutschland Spanien Niederlande Belgien Nach Absprache sind wir f\u00fcr Sie nat\u00fcrlich auch in L\u00e4ndern au\u00dferhalb der EU unterwegs. Aufgrund langj\u00e4hriger Erfahrung mit Transporten von und in die Schweiz [&hellip;]<\/p>\n","protected":false},"author":2,"featured_media":0,"parent":0,"menu_order":0,"comment_status":"closed","ping_status":"closed","template":"","meta":{"_et_pb_use_builder":"on","_et_pb_old_content":"","_et_gb_content_width":"","spay_email":""},"jetpack_sharing_enabled":true,"jetpack_shortlink":"https:\/\/wp.me\/PacZdf-tR","jetpack-related-posts":[{"id":1577,"url":"https:\/\/lbk-logistik.com\/","url_meta":{"origin":1851,"position":0},"title":"LBK Logistik","date":"August 27, 2018","format":false,"excerpt":"","rel":"","context":"\u00c4hnlicher Beitrag","img":{"alt_text":"","src":"","width":0,"height":0},"classes":[]},{"id":1877,"url":"https:\/\/lbk-logistik.com\/index.php\/lbk-logistik-kontakt\/","url_meta":{"origin":1851,"position":1},"title":"LBK Logistik - Kontakt","date":"August 27, 2018","format":false,"excerpt":"","rel":"","context":"\u00c4hnlicher Beitrag","img":{"alt_text":"","src":"","width":0,"height":0},"classes":[]},{"id":1870,"url":"https:\/\/lbk-logistik.com\/index.php\/lbk-waesche-fuer-lebensmitteltanks\/","url_meta":{"origin":1851,"position":2},"title":"LBK - W\u00e4sche f\u00fcr Lebensmitteltanks","date":"August 27, 2018","format":false,"excerpt":"","rel":"","context":"\u00c4hnlicher Beitrag","img":{"alt_text":"","src":"","width":0,"height":0},"classes":[]},{"id":1836,"url":"https:\/\/lbk-logistik.com\/index.php\/lbk-logistik-fluessige-lebensmittel\/","url_meta":{"origin":1851,"position":3},"title":"LBK Logistik - Fl\u00fcssige Lebensmittel","date":"August 27, 2018","format":false,"excerpt":"","rel":"","context":"\u00c4hnlicher Beitrag","img":{"alt_text":"","src":"","width":0,"height":0},"classes":[]},{"id":1823,"url":"https:\/\/lbk-logistik.com\/index.php\/lbk-logistik-das-unternehmen\/","url_meta":{"origin":1851,"position":4},"title":"LBK Logistik - Das Unternehmen","date":"August 27, 2018","format":false,"excerpt":"","rel":"","context":"\u00c4hnlicher Beitrag","img":{"alt_text":"","src":"","width":0,"height":0},"classes":[]},{"id":1862,"url":"https:\/\/lbk-logistik.com\/index.php\/lbk-logistik-der-fuhrpark\/","url_meta":{"origin":1851,"position":5},"title":"LBK Logistik - Der Fuhrpark","date":"August 27, 2018","format":false,"excerpt":"","rel":"","context":"\u00c4hnlicher Beitrag","img":{"alt_text":"","src":"","width":0,"height":0},"classes":[]}],"_links":{"self":[{"href":"https:\/\/lbk-logistik.com\/index.php\/wp-json\/wp\/v2\/pages\/1851"}],"collection":[{"href":"https:\/\/lbk-logistik.com\/index.php\/wp-json\/wp\/v2\/pages"}],"about":[{"href":"https:\/\/lbk-logistik.com\/index.php\/wp-json\/wp\/v2\/types\/page"}],"author":[{"embeddable":true,"href":"https:\/\/lbk-logistik.com\/index.php\/wp-json\/wp\/v2\/users\/2"}],"replies":[{"embeddable":true,"href":"https:\/\/lbk-logistik.com\/index.php\/wp-json\/wp\/v2\/comments?post=1851"}],"version-history":[{"count":11,"href":"https:\/\/lbk-logistik.com\/index.php\/wp-json\/wp\/v2\/pages\/1851\/revisions"}],"predecessor-version":[{"id":1951,"href":"https:\/\/lbk-logistik.com\/index.php\/wp-json\/wp\/v2\/pages\/1851\/revisions\/1951"}],"wp:attachment":[{"href":"https:\/\/lbk-logistik.com\/index.php\/wp-json\/wp\/v2\/media?parent=1851"}],"curies":[{"name":"wp","href":"https:\/\/api.w.org\/{rel}","templated":true}]}}