{"id":1836,"date":"2018-08-27T07:44:47","date_gmt":"2018-08-27T07:44:47","guid":{"rendered":"http:\/\/lbk-logistik.com\/?page_id=1836"},"modified":"2018-08-27T08:40:44","modified_gmt":"2018-08-27T08:40:44","slug":"lbk-logistik-fluessige-lebensmittel","status":"publish","type":"page","link":"https:\/\/lbk-logistik.com\/index.php\/lbk-logistik-fluessige-lebensmittel\/","title":{"rendered":"LBK Logistik &#8211; Fl\u00fcssige Lebensmittel"},"content":{"rendered":"<p>[et_pb_section bb_built=&#8220;1&#8243; next_background_color=&#8220;#ffffff&#8220; _builder_version=&#8220;3.12.2&#8243; background_image=&#8220;http:\/\/lbk-logistik.com\/wp-content\/uploads\/2018\/08\/juice-P5XAQQV.jpg&#8220; parallax=&#8220;on&#8220;][et_pb_row _builder_version=&#8220;3.12.2&#8243;][et_pb_column type=&#8220;4_4&#8243;][et_pb_divider _builder_version=&#8220;3.12.2&#8243; color=&#8220;#ffffff&#8220; show_divider=&#8220;off&#8220; height=&#8220;100px&#8220; \/][\/et_pb_column][\/et_pb_row][et_pb_row _builder_version=&#8220;3.12.2&#8243;][et_pb_column type=&#8220;4_4&#8243;][et_pb_divider _builder_version=&#8220;3.12.2&#8243; color=&#8220;#ffffff&#8220; show_divider=&#8220;off&#8220; height=&#8220;100px&#8220; \/][\/et_pb_column][\/et_pb_row][et_pb_row _builder_version=&#8220;3.12.2&#8243; make_fullwidth=&#8220;on&#8220; use_custom_gutter=&#8220;on&#8220; gutter_width=&#8220;2&#8243;][et_pb_column type=&#8220;1_3&#8243;][et_pb_text _builder_version=&#8220;3.12.2&#8243; background_color=&#8220;#e02b20&#8243; header_text_color=&#8220;#ffffff&#8220; custom_margin=&#8220;10px|10px|10px|10px&#8220; custom_padding=&#8220;10px|10px|10px|10px&#8220;]<\/p>\n<h1>Eine anspruchsvolle Aufgabe \u2013 wir haben sie zu unserer Kernkompetenz gemacht.<\/h1>\n<p>[\/et_pb_text][\/et_pb_column][et_pb_column type=&#8220;2_3&#8243;][\/et_pb_column][\/et_pb_row][et_pb_row _builder_version=&#8220;3.12.2&#8243;][et_pb_column type=&#8220;4_4&#8243;][et_pb_divider _builder_version=&#8220;3.12.2&#8243; color=&#8220;#ffffff&#8220; show_divider=&#8220;off&#8220; height=&#8220;100px&#8220; \/][\/et_pb_column][\/et_pb_row][et_pb_row _builder_version=&#8220;3.12.2&#8243;][et_pb_column type=&#8220;4_4&#8243;][et_pb_divider _builder_version=&#8220;3.12.2&#8243; color=&#8220;#ffffff&#8220; show_divider=&#8220;off&#8220; height=&#8220;100px&#8220; \/][\/et_pb_column][\/et_pb_row][\/et_pb_section][et_pb_section bb_built=&#8220;1&#8243; fullwidth=&#8220;off&#8220; specialty=&#8220;off&#8220; prev_background_color=&#8220;#000000&#8243; next_background_color=&#8220;#000000&#8243;][et_pb_row _builder_version=&#8220;3.12.2&#8243; module_alignment=&#8220;center&#8220; make_fullwidth=&#8220;on&#8220; use_custom_gutter=&#8220;on&#8220; gutter_width=&#8220;1&#8243; make_equal=&#8220;on&#8220;][et_pb_column type=&#8220;1_3&#8243;][et_pb_text _builder_version=&#8220;3.12.2&#8243; custom_margin=&#8220;10px|10px|10px|10px&#8220; custom_padding=&#8220;10px|10px|10px|10px&#8220;]<\/p>\n<p>Der Transport fl\u00fcssiger Lebensmittel ist aufgrund seiner Anforderung an Hygiene und technischen Ausstattung eine besonders anspruchsvolle Aufgabe \u2013 wir haben sie zu unserer Kernkompetenz gemacht. Sensible G\u00fcter m\u00fcssen schnell, sauber und p\u00fcnktlich an ihr Ziel gelangen &#8211; das wissen wir und ist die St\u00e4rke unserer qualifizierten Mitarbeiter.<\/p>\n<p>Aufgrund unserer langj\u00e4hrigen Erfahrung k\u00f6nnen wir Ihnen f\u00fcr jede spezifische Eigenschaft eine optimale Transportl\u00f6sung garantieren \u2013 und das termingerecht.<\/p>\n<p>Namhafte Hersteller von Fruchtkonzentraten, Wein, Milchprodukte und anderer fl\u00fcssiger G\u00fcter des t\u00e4glichen Gebrauchs, vertrauen auf unsere Zusammenarbeit.<\/p>\n<p>[\/et_pb_text][\/et_pb_column][et_pb_column type=&#8220;1_3&#8243;][et_pb_image _builder_version=&#8220;3.12.2&#8243; src=&#8220;http:\/\/lbk-logistik.com\/wp-content\/uploads\/2018\/08\/fresh-oysters-and-white-wine-PQXPH6F.jpg&#8220; align=&#8220;center&#8220; force_fullwidth=&#8220;on&#8220; \/][\/et_pb_column][et_pb_column type=&#8220;1_3&#8243;][et_pb_image _builder_version=&#8220;3.12.2&#8243; src=&#8220;http:\/\/lbk-logistik.com\/wp-content\/uploads\/2018\/08\/strawberry-juice-PYLSMAV.jpg&#8220; align=&#8220;center&#8220; force_fullwidth=&#8220;on&#8220; \/][\/et_pb_column][\/et_pb_row][\/et_pb_section][et_pb_section bb_built=&#8220;1&#8243; specialty=&#8220;off&#8220; _builder_version=&#8220;3.12.2&#8243; global_module=&#8220;1940&#8243; next_background_color=&#8220;#000000&#8243; prev_background_color=&#8220;#000000&#8243;][et_pb_row global_parent=&#8220;1940&#8243;][et_pb_column type=&#8220;4_4&#8243;][et_pb_divider global_parent=&#8220;1940&#8243; _builder_version=&#8220;3.12.2&#8243; \/][\/et_pb_column][\/et_pb_row][\/et_pb_section][et_pb_section bb_built=&#8220;1&#8243; fullwidth=&#8220;on&#8220; specialty=&#8220;off&#8220; next_background_color=&#8220;#000000&#8243; _builder_version=&#8220;3.12.2&#8243; box_shadow_style=&#8220;preset3&#8243; box_shadow_color=&#8220;rgba(224,43,32,0.3)&#8220; global_module=&#8220;1942&#8243; prev_background_color=&#8220;#000000&#8243;][et_pb_fullwidth_portfolio global_parent=&#8220;1942&#8243; _builder_version=&#8220;3.12.2&#8243; include_categories=&#8220;10&#8243; show_date=&#8220;off&#8220; zoom_icon_color=&#8220;#e02b20&#8243; hover_overlay_color=&#8220;rgba(255,255,255,0.9)&#8220; hover_icon=&#8220;%%15%%&#8220; auto=&#8220;on&#8220; auto_speed=&#8220;5000&#8243; \/][\/et_pb_section][et_pb_section bb_built=&#8220;1&#8243; specialty=&#8220;off&#8220; _builder_version=&#8220;3.12.2&#8243; global_module=&#8220;1940&#8243; prev_background_color=&#8220;#000000&#8243;][et_pb_row][et_pb_column type=&#8220;4_4&#8243;][et_pb_divider global_parent=&#8220;93&#8243; _builder_version=&#8220;3.12.2&#8243; \/][\/et_pb_column][\/et_pb_row][\/et_pb_section]<\/p>\n","protected":false},"excerpt":{"rendered":"<p>Eine anspruchsvolle Aufgabe \u2013 wir haben sie zu unserer Kernkompetenz gemacht. Der Transport fl\u00fcssiger Lebensmittel ist aufgrund seiner Anforderung an Hygiene und technischen Ausstattung eine besonders anspruchsvolle Aufgabe \u2013 wir haben sie zu unserer Kernkompetenz gemacht. Sensible G\u00fcter m\u00fcssen schnell, sauber und p\u00fcnktlich an ihr Ziel gelangen &#8211; das wissen wir und ist die St\u00e4rke [&hellip;]<\/p>\n","protected":false},"author":2,"featured_media":0,"parent":0,"menu_order":0,"comment_status":"closed","ping_status":"closed","template":"","meta":{"_et_pb_use_builder":"on","_et_pb_old_content":"","_et_gb_content_width":"","spay_email":""},"jetpack_sharing_enabled":true,"jetpack_shortlink":"https:\/\/wp.me\/PacZdf-tC","jetpack-related-posts":[{"id":1577,"url":"https:\/\/lbk-logistik.com\/","url_meta":{"origin":1836,"position":0},"title":"LBK Logistik","date":"August 27, 2018","format":false,"excerpt":"","rel":"","context":"\u00c4hnlicher Beitrag","img":{"alt_text":"","src":"","width":0,"height":0},"classes":[]},{"id":1877,"url":"https:\/\/lbk-logistik.com\/index.php\/lbk-logistik-kontakt\/","url_meta":{"origin":1836,"position":1},"title":"LBK Logistik - Kontakt","date":"August 27, 2018","format":false,"excerpt":"","rel":"","context":"\u00c4hnlicher Beitrag","img":{"alt_text":"","src":"","width":0,"height":0},"classes":[]},{"id":1870,"url":"https:\/\/lbk-logistik.com\/index.php\/lbk-waesche-fuer-lebensmitteltanks\/","url_meta":{"origin":1836,"position":2},"title":"LBK - W\u00e4sche f\u00fcr Lebensmitteltanks","date":"August 27, 2018","format":false,"excerpt":"","rel":"","context":"\u00c4hnlicher Beitrag","img":{"alt_text":"","src":"","width":0,"height":0},"classes":[]},{"id":1851,"url":"https:\/\/lbk-logistik.com\/index.php\/lbk-logistik-europaweiter-transport\/","url_meta":{"origin":1836,"position":3},"title":"LBK Logistik - Europaweiter Transport","date":"August 27, 2018","format":false,"excerpt":"","rel":"","context":"\u00c4hnlicher Beitrag","img":{"alt_text":"","src":"","width":0,"height":0},"classes":[]},{"id":1823,"url":"https:\/\/lbk-logistik.com\/index.php\/lbk-logistik-das-unternehmen\/","url_meta":{"origin":1836,"position":4},"title":"LBK Logistik - Das Unternehmen","date":"August 27, 2018","format":false,"excerpt":"","rel":"","context":"\u00c4hnlicher Beitrag","img":{"alt_text":"","src":"","width":0,"height":0},"classes":[]},{"id":1862,"url":"https:\/\/lbk-logistik.com\/index.php\/lbk-logistik-der-fuhrpark\/","url_meta":{"origin":1836,"position":5},"title":"LBK Logistik - Der Fuhrpark","date":"August 27, 2018","format":false,"excerpt":"","rel":"","context":"\u00c4hnlicher Beitrag","img":{"alt_text":"","src":"","width":0,"height":0},"classes":[]}],"_links":{"self":[{"href":"https:\/\/lbk-logistik.com\/index.php\/wp-json\/wp\/v2\/pages\/1836"}],"collection":[{"href":"https:\/\/lbk-logistik.com\/index.php\/wp-json\/wp\/v2\/pages"}],"about":[{"href":"https:\/\/lbk-logistik.com\/index.php\/wp-json\/wp\/v2\/types\/page"}],"author":[{"embeddable":true,"href":"https:\/\/lbk-logistik.com\/index.php\/wp-json\/wp\/v2\/users\/2"}],"replies":[{"embeddable":true,"href":"https:\/\/lbk-logistik.com\/index.php\/wp-json\/wp\/v2\/comments?post=1836"}],"version-history":[{"count":15,"href":"https:\/\/lbk-logistik.com\/index.php\/wp-json\/wp\/v2\/pages\/1836\/revisions"}],"predecessor-version":[{"id":1948,"href":"https:\/\/lbk-logistik.com\/index.php\/wp-json\/wp\/v2\/pages\/1836\/revisions\/1948"}],"wp:attachment":[{"href":"https:\/\/lbk-logistik.com\/index.php\/wp-json\/wp\/v2\/media?parent=1836"}],"curies":[{"name":"wp","href":"https:\/\/api.w.org\/{rel}","templated":true}]}}