{"id":1862,"date":"2018-08-27T06:56:41","date_gmt":"2018-08-27T06:56:41","guid":{"rendered":"http:\/\/lbk-logistik.com\/?page_id=1862"},"modified":"2018-08-27T08:43:14","modified_gmt":"2018-08-27T08:43:14","slug":"lbk-logistik-der-fuhrpark","status":"publish","type":"page","link":"http:\/\/lbk-logistik.com\/index.php\/lbk-logistik-der-fuhrpark\/","title":{"rendered":"LBK Logistik &#8211; Der Fuhrpark"},"content":{"rendered":"<p>[et_pb_section bb_built=&#8220;1&#8243; next_background_color=&#8220;#000000&#8243; _builder_version=&#8220;3.12.2&#8243; disabled=&#8220;off&#8220; disabled_on=&#8220;on||&#8220;][et_pb_row _builder_version=&#8220;3.12.2&#8243; make_fullwidth=&#8220;on&#8220;][et_pb_column type=&#8220;1_3&#8243;][et_pb_text _builder_version=&#8220;3.12.2&#8243; background_color=&#8220;#e02b20&#8243; custom_margin=&#8220;10px|10px|10px|10px&#8220; custom_padding=&#8220;10px|10px|10px|10px&#8220; header_text_color=&#8220;#ffffff&#8220; saved_tabs=&#8220;all&#8220;]<\/p>\n<h1><strong>Der Fuhrpark.<br \/>\n<\/strong><\/h1>\n<p>[\/et_pb_text][\/et_pb_column][et_pb_column type=&#8220;2_3&#8243;][\/et_pb_column][\/et_pb_row][et_pb_row _builder_version=&#8220;3.12.2&#8243; make_fullwidth=&#8220;on&#8220; use_custom_gutter=&#8220;on&#8220; gutter_width=&#8220;1&#8243;][et_pb_column type=&#8220;1_2&#8243;][et_pb_gallery _builder_version=&#8220;3.12.2&#8243; gallery_ids=&#8220;1746,1731,1706,1681,1655&#8243; gallery_orderby=&#8220;rand&#8220; fullwidth=&#8220;on&#8220; zoom_icon_color=&#8220;#e02b20&#8243; hover_overlay_color=&#8220;rgba(255,255,255,0.9)&#8220; hover_icon=&#8220;%%108%%&#8220; auto=&#8220;on&#8220; auto_speed=&#8220;5000&#8243; \/][\/et_pb_column][et_pb_column type=&#8220;1_2&#8243;][et_pb_gallery _builder_version=&#8220;3.12.2&#8243; gallery_ids=&#8220;1589,1462,1364,1304&#8243; gallery_orderby=&#8220;rand&#8220; fullwidth=&#8220;on&#8220; zoom_icon_color=&#8220;#e02b20&#8243; hover_overlay_color=&#8220;rgba(255,255,255,0.9)&#8220; hover_icon=&#8220;%%108%%&#8220; auto=&#8220;on&#8220; auto_speed=&#8220;5000&#8243; \/][\/et_pb_column][\/et_pb_row][et_pb_row _builder_version=&#8220;3.12.2&#8243; make_fullwidth=&#8220;on&#8220; use_custom_gutter=&#8220;on&#8220; gutter_width=&#8220;1&#8243;][et_pb_column type=&#8220;1_2&#8243;][et_pb_text _builder_version=&#8220;3.12.2&#8243; custom_margin=&#8220;20px|20px|20px|20px&#8220; custom_padding=&#8220;20px|20px|20px|20px&#8220;]<\/p>\n<p>Bei der Wahl der Zugfahrzeuge vertrauen wir auf den schwedischen LKW Hersteller Scania.<br \/>\nUnser gesamter Fuhrpark basiert ausschlie\u00dflich auf EURO 5, EEV und EURO 6 &#8211; Fahrzeugen.<br \/>\nDank modernsten Fahrzeugen sind wir in der Lage<\/p>\n<ul class=\"li_check\">\n<li>Umweltschonend Ihre G\u00fcter zu bef\u00f6rdern<\/li>\n<li>Transportkosten f\u00fcr Sie m\u00f6glichst gering zu halten<\/li>\n<li>Auftr\u00e4ge zuverl\u00e4ssig ohne Pannen und ohne Qualit\u00e4tsverlust abzuwickeln<\/li>\n<li>auch an Sonn- und Feiertagen termingerecht zu liefern<\/li>\n<\/ul>\n<p>Alle unsere Fahrzeuge verf\u00fcgen \u00fcber GPS-Ortung kombiniert mit modernen LKW Navigationssystemen und Mobiltelefonen.<\/p>\n<p>Transporte alkoholischer Getr\u00e4nke k\u00f6nnen Dank aktueller Gefahrgutausr\u00fcstung (ADR) problemlos durchgef\u00fchrt werden.<\/p>\n<p>[\/et_pb_text][\/et_pb_column][et_pb_column type=&#8220;1_2&#8243;][et_pb_text _builder_version=&#8220;3.12.2&#8243; custom_margin=&#8220;20px|20px|20px|20px&#8220; custom_padding=&#8220;20px|20px|20px|20px&#8220;]<\/p>\n<p>Alle unsere Tanksattelauflieger sind aus Edelstahl gefertigt und verf\u00fcgen \u00fcber eine erstklassige Isolierung nach ATP.<br \/>\nZudem verf\u00fcgen alle Auflieger \u00fcber ein Eichzertifikat mit den einzelnen Kammeraufteilungen.<\/p>\n<p>Weitere technische Ausstattungen<\/p>\n<ul>\n<li>3 bzw. 4 Kammer Tankauflieger<\/li>\n<li>Sterilfilter<\/li>\n<li>Drucktanks bis 2 bar (Prosecco, Lambrusco)<\/li>\n<li>Doppelte DOM Deckel<\/li>\n<li>Sammelleitungen oder Einzelausl\u00e4ufe je nach Kundenwunsch<\/li>\n<li>Tanks mit Pumpe<\/li>\n<li>Isolierte Ausl\u00e4ufe und\u00a0Sterilfilter\u00a0f\u00fcr Reduzierungen<\/li>\n<li>Alle Tankfahrzeuge mit Reinigungsleitungen (CIP) ausgestattet<\/li>\n<\/ul>\n<p>Die Chauffeure erhalten regelm\u00e4\u00dfig Schulungen bez\u00fcglich Tankreinigungen sowie ADR und technische Weiterbildungen.<\/p>\n<p>[\/et_pb_text][\/et_pb_column][\/et_pb_row][\/et_pb_section][et_pb_section bb_built=&#8220;1&#8243; prev_background_color=&#8220;#000000&#8243; _builder_version=&#8220;3.12.2&#8243; disabled=&#8220;off&#8220; disabled_on=&#8220;|on|on&#8220; next_background_color=&#8220;#000000&#8243;][et_pb_row _builder_version=&#8220;3.12.2&#8243; make_fullwidth=&#8220;on&#8220;][et_pb_column type=&#8220;1_3&#8243;][et_pb_text _builder_version=&#8220;3.12.2&#8243; background_color=&#8220;#e02b20&#8243; custom_margin=&#8220;10px|10px|10px|10px&#8220; custom_padding=&#8220;10px|10px|10px|10px&#8220; header_text_color=&#8220;#ffffff&#8220; saved_tabs=&#8220;all&#8220;]<\/p>\n<h1><strong>Der Fuhrpark.<br \/>\n<\/strong><\/h1>\n<p>[\/et_pb_text][\/et_pb_column][et_pb_column type=&#8220;2_3&#8243;][\/et_pb_column][\/et_pb_row][et_pb_row _builder_version=&#8220;3.12.2&#8243; make_fullwidth=&#8220;on&#8220; use_custom_gutter=&#8220;on&#8220; gutter_width=&#8220;1&#8243;][et_pb_column type=&#8220;4_4&#8243;][et_pb_gallery _builder_version=&#8220;3.12.2&#8243; gallery_ids=&#8220;1746,1731,1706,1681,1655&#8243; gallery_orderby=&#8220;rand&#8220; fullwidth=&#8220;on&#8220; zoom_icon_color=&#8220;#e02b20&#8243; hover_overlay_color=&#8220;rgba(255,255,255,0.9)&#8220; hover_icon=&#8220;%%108%%&#8220; auto=&#8220;on&#8220; auto_speed=&#8220;5000&#8243; \/][et_pb_text _builder_version=&#8220;3.12.2&#8243; custom_margin=&#8220;20px|20px|20px|20px&#8220; custom_padding=&#8220;20px|20px|20px|20px&#8220;]<\/p>\n<p>Bei der Wahl der Zugfahrzeuge vertrauen wir auf den schwedischen LKW Hersteller Scania.<br \/>\nUnser gesamter Fuhrpark basiert ausschlie\u00dflich auf EURO 5, EEV und EURO 6 &#8211; Fahrzeugen.<br \/>\nDank modernsten Fahrzeugen sind wir in der Lage<\/p>\n<ul class=\"li_check\">\n<li>Umweltschonend Ihre G\u00fcter zu bef\u00f6rdern<\/li>\n<li>Transportkosten f\u00fcr Sie m\u00f6glichst gering zu halten<\/li>\n<li>Auftr\u00e4ge zuverl\u00e4ssig ohne Pannen und ohne Qualit\u00e4tsverlust abzuwickeln<\/li>\n<li>auch an Sonn- und Feiertagen termingerecht zu liefern<\/li>\n<\/ul>\n<p>Alle unsere Fahrzeuge verf\u00fcgen \u00fcber GPS-Ortung kombiniert mit modernen LKW Navigationssystemen und Mobiltelefonen.<\/p>\n<p>Transporte alkoholischer Getr\u00e4nke k\u00f6nnen Dank aktueller Gefahrgutausr\u00fcstung (ADR) problemlos durchgef\u00fchrt werden.<\/p>\n<p>[\/et_pb_text][et_pb_gallery _builder_version=&#8220;3.12.2&#8243; gallery_ids=&#8220;1589,1462,1364,1304&#8243; gallery_orderby=&#8220;rand&#8220; fullwidth=&#8220;on&#8220; zoom_icon_color=&#8220;#e02b20&#8243; hover_overlay_color=&#8220;rgba(255,255,255,0.9)&#8220; hover_icon=&#8220;%%108%%&#8220; auto=&#8220;on&#8220; auto_speed=&#8220;5000&#8243; \/][et_pb_text _builder_version=&#8220;3.12.2&#8243; custom_margin=&#8220;20px|20px|20px|20px&#8220; custom_padding=&#8220;20px|20px|20px|20px&#8220;]<\/p>\n<p>Alle unsere Tanksattelauflieger sind aus Edelstahl gefertigt und verf\u00fcgen \u00fcber eine erstklassige Isolierung nach ATP.<br \/>\nZudem verf\u00fcgen alle Auflieger \u00fcber ein Eichzertifikat mit den einzelnen Kammeraufteilungen.<\/p>\n<p>Weitere technische Ausstattungen<\/p>\n<ul>\n<li>3 bzw. 4 Kammer Tankauflieger<\/li>\n<li>Sterilfilter<\/li>\n<li>Drucktanks bis 2 bar (Prosecco, Lambrusco)<\/li>\n<li>Doppelte DOM Deckel<\/li>\n<li>Sammelleitungen oder Einzelausl\u00e4ufe je nach Kundenwunsch<\/li>\n<li>Tanks mit Pumpe<\/li>\n<li>Isolierte Ausl\u00e4ufe und\u00a0Sterilfilter\u00a0f\u00fcr Reduzierungen<\/li>\n<li>Alle Tankfahrzeuge mit Reinigungsleitungen (CIP) ausgestattet<\/li>\n<\/ul>\n<p>Die Chauffeure erhalten regelm\u00e4\u00dfig Schulungen bez\u00fcglich Tankreinigungen sowie ADR und technische Weiterbildungen.<\/p>\n<p>[\/et_pb_text][\/et_pb_column][\/et_pb_row][\/et_pb_section][et_pb_section bb_built=&#8220;1&#8243; specialty=&#8220;off&#8220; _builder_version=&#8220;3.12.2&#8243; next_background_color=&#8220;#000000&#8243; global_module=&#8220;1940&#8243; prev_background_color=&#8220;#000000&#8243;][et_pb_row global_parent=&#8220;1940&#8243;][et_pb_column type=&#8220;4_4&#8243;][et_pb_divider global_parent=&#8220;1940&#8243; _builder_version=&#8220;3.12.2&#8243; \/][\/et_pb_column][\/et_pb_row][\/et_pb_section][et_pb_section bb_built=&#8220;1&#8243; fullwidth=&#8220;on&#8220; specialty=&#8220;off&#8220; next_background_color=&#8220;#000000&#8243; _builder_version=&#8220;3.12.2&#8243; box_shadow_style=&#8220;preset3&#8243; box_shadow_color=&#8220;rgba(224,43,32,0.3)&#8220; global_module=&#8220;1942&#8243; prev_background_color=&#8220;#000000&#8243;][et_pb_fullwidth_portfolio global_parent=&#8220;1942&#8243; _builder_version=&#8220;3.12.2&#8243; include_categories=&#8220;10&#8243; show_date=&#8220;off&#8220; zoom_icon_color=&#8220;#e02b20&#8243; hover_overlay_color=&#8220;rgba(255,255,255,0.9)&#8220; hover_icon=&#8220;%%15%%&#8220; auto=&#8220;on&#8220; auto_speed=&#8220;5000&#8243; \/][\/et_pb_section][et_pb_section bb_built=&#8220;1&#8243; specialty=&#8220;off&#8220; _builder_version=&#8220;3.12.2&#8243; global_module=&#8220;1940&#8243; prev_background_color=&#8220;#000000&#8243;][et_pb_row][et_pb_column type=&#8220;4_4&#8243;][et_pb_divider global_parent=&#8220;96&#8243; _builder_version=&#8220;3.12.2&#8243; \/][\/et_pb_column][\/et_pb_row][\/et_pb_section]<\/p>\n","protected":false},"excerpt":{"rendered":"<p>Der Fuhrpark. Bei der Wahl der Zugfahrzeuge vertrauen wir auf den schwedischen LKW Hersteller Scania. Unser gesamter Fuhrpark basiert ausschlie\u00dflich auf EURO 5, EEV und EURO 6 &#8211; Fahrzeugen. Dank modernsten Fahrzeugen sind wir in der Lage Umweltschonend Ihre G\u00fcter zu bef\u00f6rdern Transportkosten f\u00fcr Sie m\u00f6glichst gering zu halten Auftr\u00e4ge zuverl\u00e4ssig ohne Pannen und ohne [&hellip;]<\/p>\n","protected":false},"author":2,"featured_media":0,"parent":0,"menu_order":0,"comment_status":"closed","ping_status":"closed","template":"","meta":{"_et_pb_use_builder":"on","_et_pb_old_content":"","_et_gb_content_width":"","spay_email":""},"jetpack_sharing_enabled":true,"jetpack_shortlink":"https:\/\/wp.me\/PacZdf-u2","jetpack-related-posts":[{"id":1577,"url":"http:\/\/lbk-logistik.com\/","url_meta":{"origin":1862,"position":0},"title":"LBK Logistik","date":"August 27, 2018","format":false,"excerpt":"","rel":"","context":"\u00c4hnlicher Beitrag","img":{"alt_text":"","src":"","width":0,"height":0},"classes":[]},{"id":1877,"url":"http:\/\/lbk-logistik.com\/index.php\/lbk-logistik-kontakt\/","url_meta":{"origin":1862,"position":1},"title":"LBK Logistik - Kontakt","date":"August 27, 2018","format":false,"excerpt":"","rel":"","context":"\u00c4hnlicher Beitrag","img":{"alt_text":"","src":"","width":0,"height":0},"classes":[]},{"id":1851,"url":"http:\/\/lbk-logistik.com\/index.php\/lbk-logistik-europaweiter-transport\/","url_meta":{"origin":1862,"position":2},"title":"LBK Logistik - Europaweiter Transport","date":"August 27, 2018","format":false,"excerpt":"","rel":"","context":"\u00c4hnlicher Beitrag","img":{"alt_text":"","src":"","width":0,"height":0},"classes":[]},{"id":1836,"url":"http:\/\/lbk-logistik.com\/index.php\/lbk-logistik-fluessige-lebensmittel\/","url_meta":{"origin":1862,"position":3},"title":"LBK Logistik - Fl\u00fcssige Lebensmittel","date":"August 27, 2018","format":false,"excerpt":"","rel":"","context":"\u00c4hnlicher Beitrag","img":{"alt_text":"","src":"","width":0,"height":0},"classes":[]},{"id":1870,"url":"http:\/\/lbk-logistik.com\/index.php\/lbk-waesche-fuer-lebensmitteltanks\/","url_meta":{"origin":1862,"position":4},"title":"LBK - W\u00e4sche f\u00fcr Lebensmitteltanks","date":"August 27, 2018","format":false,"excerpt":"","rel":"","context":"\u00c4hnlicher Beitrag","img":{"alt_text":"","src":"","width":0,"height":0},"classes":[]},{"id":1823,"url":"http:\/\/lbk-logistik.com\/index.php\/lbk-logistik-das-unternehmen\/","url_meta":{"origin":1862,"position":5},"title":"LBK Logistik - Das Unternehmen","date":"August 27, 2018","format":false,"excerpt":"","rel":"","context":"\u00c4hnlicher Beitrag","img":{"alt_text":"","src":"","width":0,"height":0},"classes":[]}],"_links":{"self":[{"href":"http:\/\/lbk-logistik.com\/index.php\/wp-json\/wp\/v2\/pages\/1862"}],"collection":[{"href":"http:\/\/lbk-logistik.com\/index.php\/wp-json\/wp\/v2\/pages"}],"about":[{"href":"http:\/\/lbk-logistik.com\/index.php\/wp-json\/wp\/v2\/types\/page"}],"author":[{"embeddable":true,"href":"http:\/\/lbk-logistik.com\/index.php\/wp-json\/wp\/v2\/users\/2"}],"replies":[{"embeddable":true,"href":"http:\/\/lbk-logistik.com\/index.php\/wp-json\/wp\/v2\/comments?post=1862"}],"version-history":[{"count":9,"href":"http:\/\/lbk-logistik.com\/index.php\/wp-json\/wp\/v2\/pages\/1862\/revisions"}],"predecessor-version":[{"id":1956,"href":"http:\/\/lbk-logistik.com\/index.php\/wp-json\/wp\/v2\/pages\/1862\/revisions\/1956"}],"wp:attachment":[{"href":"http:\/\/lbk-logistik.com\/index.php\/wp-json\/wp\/v2\/media?parent=1862"}],"curies":[{"name":"wp","href":"https:\/\/api.w.org\/{rel}","templated":true}]}}